{"id":6,"date":"2016-12-11T19:12:42","date_gmt":"2016-12-11T18:12:42","guid":{"rendered":"http:\/\/triteamlavigny.ch\/blog\/?page_id=6"},"modified":"2025-07-11T13:01:29","modified_gmt":"2025-07-11T11:01:29","slug":"historique-des-sorties-du-ttl","status":"publish","type":"page","link":"https:\/\/triteamlavigny.ch\/blog\/historique-des-sorties-du-ttl\/","title":{"rendered":"Historique des sorties annuelles du TriTeam Lavigny"},"content":{"rendered":"\n<div class=\"wp-block-columns is-layout-flex wp-container-core-columns-is-layout-9d6595d7 wp-block-columns-is-layout-flex\">\n<div class=\"wp-block-column is-layout-flow wp-block-column-is-layout-flow\" style=\"flex-basis:100%\">\n<h1 class=\"wp-block-heading\"><strong>Liste des sorties annuelles du TTL :<\/strong><\/h1>\n\n\n\n<p>2025 : Calpe, ESP &#8211; Maxime, Ronny &amp; Thierry<\/p>\n\n\n\n<p>2023 : De Joucas \u00e0 Lavigny, via les Alpes, FRA\/SUI &#8211; Pierre &amp; Thierry<\/p>\n\n\n\n<p>2022 : Du Marchairuz au Mont Ventoux, SUI\/FRA &#8211; Fran\u00e7ois<\/p>\n\n\n\n<p>2021 : 2e ann\u00e9e COVID, sortie en Suisse\u2026<\/p>\n\n\n\n<p>2020 : Ann\u00e9e COVID, sortie en Suisse&#8230;<\/p>\n\n\n\n<p>2019 : L&rsquo;Alsace (sans la Lorraine&#8230;), FRA &#8211; Patrick &amp; Fran\u00e7ois<\/p>\n\n\n\n<p>2018 : La Sicilienne, ITA &#8211; Ronny<\/p>\n\n\n\n<p><em><strong>2017 (20e) : Toscane &amp; Ile d&rsquo;Elbe, ITA &#8211; Ruedi<\/strong><\/em><\/p>\n\n\n\n<p>2016 : Tour du P\u00e9loponn\u00e8se, GRE &#8211;&nbsp;Lucien<\/p>\n\n\n\n<p>2015 : Riccione, ITA &#8211;&nbsp;Fran\u00e7ois &amp; Lucien (initi\u00e9 par Maxime)<\/p>\n\n\n\n<p>2014 : Tour du Colorado, USA &#8211;&nbsp;Denis<\/p>\n\n\n\n<p>2013 : Les Vosges, Le Val d&rsquo;Ajol, FRA &#8211;&nbsp;Jean-Pierre<\/p>\n\n\n\n<p>2012 : Tyrol du sud, Bludenz &#8211;&nbsp;Brigue, AUT-ITA-SUI &#8211;&nbsp;Judith<\/p>\n\n\n\n<p>2011 (20 ans du TTL) : Nice &#8211;&nbsp;Jauziers &#8211;&nbsp;St-Paul-de-Vence, FRA&nbsp;&#8211; Ronny<\/p>\n\n\n\n<p>2010 : Tour de Sardaigne, ITA &#8211;&nbsp;Andr\u00e9<\/p>\n\n\n\n<p>2009 : \u00abLa Travers\u00e9e\u00bb, Saint-Jean-de-Luz &#8211; Collioure, Pyr\u00e9n\u00e9es, FRA &#8211; Ronny<\/p>\n\n\n\n<p>2008 : \u00abLa Volcanique\u00bb, Montpellier &#8211;&nbsp;Clermont-Ferrand, Auvergne, FRA &#8211;&nbsp;Renaud<\/p>\n\n\n\n<p><em><strong>2007 (10e) : \u00abAdriatique-L\u00e9man\u00bb, Venise &#8211; Aigle, ITA\/SUI &#8211; Fran\u00e7ois<\/strong><\/em><\/p>\n\n\n\n<p>2006 : Majorque, SPA &#8211;&nbsp;Bouli &amp; J\u00e9r\u00f4me<\/p>\n\n\n\n<p>2005 : \u00abLa route des Cathares\u00bb, Rivesaltes &#8211;&nbsp;Sanilhac, FRA &#8211;&nbsp;Lucien<\/p>\n\n\n\n<p>2004 : Tour de Corse, FRA &#8211;&nbsp;Michel<\/p>\n\n\n\n<p>2003 : Travers\u00e9e des Alpes, Lavigny &#8211;&nbsp;Vence, SUI\/FRA &#8211;&nbsp;Maxime<\/p>\n\n\n\n<p>2002 : Torre Bormida, ITA &#8211;&nbsp;Jean-Pierre<\/p>\n\n\n\n<p>2001 : Les Alpes Bernoises, Morges-Faulensee-Andermatt-Saillon-Morges, SUI &#8211; Ruedi<\/p>\n\n\n\n<p>2000 : Le Lub\u00e9ron, Buoux, FRA &#8211;&nbsp;Pierre-Alain<\/p>\n\n\n\n<p>1999 : Le Gard &amp; l&rsquo;Ard\u00e8che, Fons-sur-Lussan, FRA &#8211;&nbsp;Philip<\/p>\n\n\n\n<p>1998 : Bourg d&rsquo;Oisans, FRA &#8211;&nbsp;Pierre-Alain<\/p>\n\n\n\n<p><strong><em>M \u00e0 j de l&rsquo;Anc\u00eatre, mais &#8230; suite par mes soins, d\u00e8s le 12 avril 2018.<\/em><\/strong><\/p>\n<\/div>\n<\/div>\n","protected":false},"excerpt":{"rendered":"<p>Liste des sorties annuelles du TTL : 2025 : Calpe, ESP &#8211; Maxime, Ronny &amp; Thierry 2023 : De Joucas \u00e0 Lavigny, via les Alpes, FRA\/SUI &#8211; Pierre &amp; Thierry 2022 : Du Marchairuz au Mont Ventoux, SUI\/FRA &#8211; Fran\u00e7ois 2021 : 2e ann\u00e9e COVID, sortie en Suisse\u2026 2020 : Ann\u00e9e COVID, sortie en Suisse&#8230; &hellip; <\/p>\n<p class=\"link-more\"><a href=\"https:\/\/triteamlavigny.ch\/blog\/historique-des-sorties-du-ttl\/\" class=\"more-link\">Continuer la lecture<span class=\"screen-reader-text\"> de &laquo;&nbsp;Historique des sorties annuelles du TriTeam Lavigny&nbsp;&raquo;<\/span><\/a><\/p>\n","protected":false},"author":2,"featured_media":0,"parent":0,"menu_order":0,"comment_status":"closed","ping_status":"closed","template":"","meta":{"footnotes":""},"class_list":["post-6","page","type-page","status-publish","hentry"],"_links":{"self":[{"href":"https:\/\/triteamlavigny.ch\/blog\/wp-json\/wp\/v2\/pages\/6","targetHints":{"allow":["GET"]}}],"collection":[{"href":"https:\/\/triteamlavigny.ch\/blog\/wp-json\/wp\/v2\/pages"}],"about":[{"href":"https:\/\/triteamlavigny.ch\/blog\/wp-json\/wp\/v2\/types\/page"}],"author":[{"embeddable":true,"href":"https:\/\/triteamlavigny.ch\/blog\/wp-json\/wp\/v2\/users\/2"}],"replies":[{"embeddable":true,"href":"https:\/\/triteamlavigny.ch\/blog\/wp-json\/wp\/v2\/comments?post=6"}],"version-history":[{"count":21,"href":"https:\/\/triteamlavigny.ch\/blog\/wp-json\/wp\/v2\/pages\/6\/revisions"}],"predecessor-version":[{"id":2613,"href":"https:\/\/triteamlavigny.ch\/blog\/wp-json\/wp\/v2\/pages\/6\/revisions\/2613"}],"wp:attachment":[{"href":"https:\/\/triteamlavigny.ch\/blog\/wp-json\/wp\/v2\/media?parent=6"}],"curies":[{"name":"wp","href":"https:\/\/api.w.org\/{rel}","templated":true}]}}